{"id":607,"date":"2025-11-11T10:27:47","date_gmt":"2025-11-11T09:27:47","guid":{"rendered":"https:\/\/chateaudorelestours.fr\/?page_id=607"},"modified":"2026-01-15T18:30:28","modified_gmt":"2026-01-15T17:30:28","slug":"about-us","status":"publish","type":"page","link":"https:\/\/chateaudorelestours.fr\/en\/about-us\/","title":{"rendered":"About us"},"content":{"rendered":"\n<figure class=\"wp-block-image size-full\"><img loading=\"lazy\" decoding=\"async\" width=\"2560\" height=\"1696\" src=\"https:\/\/chateaudorelestours.fr\/wp-content\/uploads\/2026\/01\/DSC_0930-scaled.jpg\" alt=\"\" class=\"wp-image-1014\" srcset=\"https:\/\/chateaudorelestours.fr\/wp-content\/uploads\/2026\/01\/DSC_0930-scaled.jpg 2560w, https:\/\/chateaudorelestours.fr\/wp-content\/uploads\/2026\/01\/DSC_0930-300x199.jpg 300w, https:\/\/chateaudorelestours.fr\/wp-content\/uploads\/2026\/01\/DSC_0930-1024x678.jpg 1024w, https:\/\/chateaudorelestours.fr\/wp-content\/uploads\/2026\/01\/DSC_0930-2000x1325.jpg 2000w, https:\/\/chateaudorelestours.fr\/wp-content\/uploads\/2026\/01\/DSC_0930-scaled-18x12.jpg 18w\" sizes=\"auto, (max-width: 2560px) 100vw, 2560px\" \/><\/figure>\n\n\n\n<div class=\"wp-block-media-text is-stacked-on-mobile\" style=\"grid-template-columns:29% auto\"><figure class=\"wp-block-media-text__media\"><img loading=\"lazy\" decoding=\"async\" width=\"679\" height=\"1020\" src=\"https:\/\/chateaudorelestours.fr\/wp-content\/uploads\/2026\/01\/18b737a7-e5fc-4f20-9add-ff299f7909c3.jpg\" alt=\"\" class=\"wp-image-1018 size-full\" srcset=\"https:\/\/chateaudorelestours.fr\/wp-content\/uploads\/2026\/01\/18b737a7-e5fc-4f20-9add-ff299f7909c3.jpg 679w, https:\/\/chateaudorelestours.fr\/wp-content\/uploads\/2026\/01\/18b737a7-e5fc-4f20-9add-ff299f7909c3-200x300.jpg 200w, https:\/\/chateaudorelestours.fr\/wp-content\/uploads\/2026\/01\/18b737a7-e5fc-4f20-9add-ff299f7909c3-8x12.jpg 8w\" sizes=\"auto, (max-width: 679px) 100vw, 679px\" \/><\/figure><div class=\"wp-block-media-text__content\">\n<p>We welcome every guest to Ch\u00e2teau Dor\u00e9 les Tours as a friend. After all, the ch\u00e2teau is our family home. We live here with our two cats, Vos (Loup) and Wolf (Renard).<\/p>\n\n\n\n<p>In 2021, we sold our house in Rotterdam, Netherlands, to completely change our lives and move to the French countryside to restore our magnificent Ch\u00e2teau Dor\u00e9 les Tours.<\/p>\n\n\n\n<p><\/p>\n\n\n\n<p>Since September 2021, we have renovated and restored two g\u00eetes as spacious, independent holiday homes in the former horse stables and our private residence on the ground floor of the ch\u00e2teau.<\/p>\n\n\n\n<p>We carried out most of the renovation work ourselves, occasionally with the much-appreciated help of our loved ones.<\/p>\n\n\n\n<p>We opened the g\u00eetes in 2024 after extensive renovations.<\/p>\n\n\n\n<p>Our journey here at the ch\u00e2teau has opened many doors and created incredible adventures. For example, all the friends we&#8217;ve met, the tours, the publicity, and the support from the local community. And we were picked up by a private channel in the Netherlands for a new series following Dutch people who have bought a beautiful house in France and renovated it all themselves. The broadcasts have started 12 of November of 2025 and the series is called Kasteel gekocht: wat nu? at RTL4. The filming has been quite an adventure, they have followed us for a year during renovations and celebrations.<\/p>\n\n\n\n<p>We have so many projects planned Ch\u00e2teau Dor\u00e9 les Tours which we can call our home now. And if you are curious about us and the progression we have made in the meantime, you can follow the renovations on our Instagram page. Or, of course, you can come and see it all in person by booking and stay with us. We are more than happy to welcome you and make you feel at home!<\/p>\n<\/div><\/div>\n\n\n\n<p><\/p>\n","protected":false},"excerpt":{"rendered":"<p>We welcome every guest to Ch\u00e2teau Dor\u00e9 les Tours as a friend. After all, the ch\u00e2teau is our family home. We live here with our two cats, Vos (Loup) and Wolf (Renard). In 2021, we sold our house in Rotterdam, Netherlands, to completely change our lives and move to the French countryside to restore our &hellip; <\/p>\n<p class=\"link-more\"><a href=\"https:\/\/chateaudorelestours.fr\/en\/about-us\/\" class=\"more-link\">Read more<span class=\"screen-reader-text\"> &#8220;About us&#8221;<\/span><\/a><\/p>\n","protected":false},"author":1,"featured_media":0,"parent":0,"menu_order":0,"comment_status":"closed","ping_status":"closed","template":"","meta":{"inspiro_hide_title":false,"footnotes":""},"class_list":["post-607","page","type-page","status-publish","hentry"],"yoast_head":"<!-- This site is optimized with the Yoast SEO plugin v27.4 - https:\/\/yoast.com\/product\/yoast-seo-wordpress\/ -->\n<title>About us - Ch\u00e2teau Dor\u00e9 les Tours<\/title>\n<meta name=\"robots\" content=\"index, follow, max-snippet:-1, max-image-preview:large, max-video-preview:-1\" \/>\n<link rel=\"canonical\" href=\"https:\/\/chateaudorelestours.fr\/en\/about-us\/\" \/>\n<meta property=\"og:locale\" content=\"en_GB\" \/>\n<meta property=\"og:type\" content=\"article\" \/>\n<meta property=\"og:title\" content=\"About us - Ch\u00e2teau Dor\u00e9 les Tours\" \/>\n<meta property=\"og:description\" content=\"We welcome every guest to Ch\u00e2teau Dor\u00e9 les Tours as a friend. After all, the ch\u00e2teau is our family home. We live here with our two cats, Vos (Loup) and Wolf (Renard). In 2021, we sold our house in Rotterdam, Netherlands, to completely change our lives and move to the French countryside to restore our &hellip; Read more &quot;About us&quot;\" \/>\n<meta property=\"og:url\" content=\"https:\/\/chateaudorelestours.fr\/en\/about-us\/\" \/>\n<meta property=\"og:site_name\" content=\"Ch\u00e2teau Dor\u00e9 les Tours\" \/>\n<meta property=\"article:modified_time\" content=\"2026-01-15T17:30:28+00:00\" \/>\n<meta property=\"og:image\" content=\"https:\/\/chateaudorelestours.fr\/wp-content\/uploads\/2026\/01\/DSC_0930-scaled.jpg\" \/>\n\t<meta property=\"og:image:width\" content=\"2560\" \/>\n\t<meta property=\"og:image:height\" content=\"1696\" \/>\n\t<meta property=\"og:image:type\" content=\"image\/jpeg\" \/>\n<meta name=\"twitter:card\" content=\"summary_large_image\" \/>\n<meta name=\"twitter:label1\" content=\"Estimated reading time\" \/>\n\t<meta name=\"twitter:data1\" content=\"2 minutes\" \/>\n<script type=\"application\/ld+json\" class=\"yoast-schema-graph\">{\"@context\":\"https:\\\/\\\/schema.org\",\"@graph\":[{\"@type\":\"WebPage\",\"@id\":\"https:\\\/\\\/chateaudorelestours.fr\\\/about-us\\\/\",\"url\":\"https:\\\/\\\/chateaudorelestours.fr\\\/about-us\\\/\",\"name\":\"About us - Ch\u00e2teau Dor\u00e9 les Tours\",\"isPartOf\":{\"@id\":\"https:\\\/\\\/chateaudorelestours.fr\\\/#website\"},\"primaryImageOfPage\":{\"@id\":\"https:\\\/\\\/chateaudorelestours.fr\\\/about-us\\\/#primaryimage\"},\"image\":{\"@id\":\"https:\\\/\\\/chateaudorelestours.fr\\\/about-us\\\/#primaryimage\"},\"thumbnailUrl\":\"https:\\\/\\\/chateaudorelestours.fr\\\/wp-content\\\/uploads\\\/2026\\\/01\\\/DSC_0930-scaled.jpg\",\"datePublished\":\"2025-11-11T09:27:47+00:00\",\"dateModified\":\"2026-01-15T17:30:28+00:00\",\"breadcrumb\":{\"@id\":\"https:\\\/\\\/chateaudorelestours.fr\\\/about-us\\\/#breadcrumb\"},\"inLanguage\":\"en-GB\",\"potentialAction\":[{\"@type\":\"ReadAction\",\"target\":[\"https:\\\/\\\/chateaudorelestours.fr\\\/about-us\\\/\"]}]},{\"@type\":\"ImageObject\",\"inLanguage\":\"en-GB\",\"@id\":\"https:\\\/\\\/chateaudorelestours.fr\\\/about-us\\\/#primaryimage\",\"url\":\"https:\\\/\\\/chateaudorelestours.fr\\\/wp-content\\\/uploads\\\/2026\\\/01\\\/DSC_0930-scaled.jpg\",\"contentUrl\":\"https:\\\/\\\/chateaudorelestours.fr\\\/wp-content\\\/uploads\\\/2026\\\/01\\\/DSC_0930-scaled.jpg\"},{\"@type\":\"BreadcrumbList\",\"@id\":\"https:\\\/\\\/chateaudorelestours.fr\\\/about-us\\\/#breadcrumb\",\"itemListElement\":[{\"@type\":\"ListItem\",\"position\":1,\"name\":\"Home\",\"item\":\"https:\\\/\\\/chateaudorelestours.fr\\\/\"},{\"@type\":\"ListItem\",\"position\":2,\"name\":\"About us\"}]},{\"@type\":\"WebSite\",\"@id\":\"https:\\\/\\\/chateaudorelestours.fr\\\/#website\",\"url\":\"https:\\\/\\\/chateaudorelestours.fr\\\/\",\"name\":\"Ch\u00e2teau Dor\u00e9 les Tours\",\"description\":\"\",\"publisher\":{\"@id\":\"https:\\\/\\\/chateaudorelestours.fr\\\/#organization\"},\"potentialAction\":[{\"@type\":\"SearchAction\",\"target\":{\"@type\":\"EntryPoint\",\"urlTemplate\":\"https:\\\/\\\/chateaudorelestours.fr\\\/?s={search_term_string}\"},\"query-input\":{\"@type\":\"PropertyValueSpecification\",\"valueRequired\":true,\"valueName\":\"search_term_string\"}}],\"inLanguage\":\"en-GB\"},{\"@type\":\"Organization\",\"@id\":\"https:\\\/\\\/chateaudorelestours.fr\\\/#organization\",\"name\":\"Ch\u00e2teau Dor\u00e9 les Tours\",\"url\":\"https:\\\/\\\/chateaudorelestours.fr\\\/\",\"logo\":{\"@type\":\"ImageObject\",\"inLanguage\":\"en-GB\",\"@id\":\"https:\\\/\\\/chateaudorelestours.fr\\\/#\\\/schema\\\/logo\\\/image\\\/\",\"url\":\"https:\\\/\\\/chateaudorelestours.fr\\\/wp-content\\\/uploads\\\/2024\\\/03\\\/cropped-20210319_145724-scaled-1.jpg\",\"contentUrl\":\"https:\\\/\\\/chateaudorelestours.fr\\\/wp-content\\\/uploads\\\/2024\\\/03\\\/cropped-20210319_145724-scaled-1.jpg\",\"width\":2000,\"height\":1198,\"caption\":\"Ch\u00e2teau Dor\u00e9 les Tours\"},\"image\":{\"@id\":\"https:\\\/\\\/chateaudorelestours.fr\\\/#\\\/schema\\\/logo\\\/image\\\/\"},\"sameAs\":[\"https:\\\/\\\/www.instagram.com\\\/chateaudorelestours\\\/\"]}]}<\/script>\n<!-- \/ Yoast SEO plugin. -->","yoast_head_json":{"title":"About us - Ch\u00e2teau Dor\u00e9 les Tours","robots":{"index":"index","follow":"follow","max-snippet":"max-snippet:-1","max-image-preview":"max-image-preview:large","max-video-preview":"max-video-preview:-1"},"canonical":"https:\/\/chateaudorelestours.fr\/en\/about-us\/","og_locale":"en_GB","og_type":"article","og_title":"About us - Ch\u00e2teau Dor\u00e9 les Tours","og_description":"We welcome every guest to Ch\u00e2teau Dor\u00e9 les Tours as a friend. After all, the ch\u00e2teau is our family home. We live here with our two cats, Vos (Loup) and Wolf (Renard). In 2021, we sold our house in Rotterdam, Netherlands, to completely change our lives and move to the French countryside to restore our &hellip; Read more \"About us\"","og_url":"https:\/\/chateaudorelestours.fr\/en\/about-us\/","og_site_name":"Ch\u00e2teau Dor\u00e9 les Tours","article_modified_time":"2026-01-15T17:30:28+00:00","og_image":[{"width":2560,"height":1696,"url":"https:\/\/chateaudorelestours.fr\/wp-content\/uploads\/2026\/01\/DSC_0930-scaled.jpg","type":"image\/jpeg"}],"twitter_card":"summary_large_image","twitter_misc":{"Estimated reading time":"2 minutes"},"schema":{"@context":"https:\/\/schema.org","@graph":[{"@type":"WebPage","@id":"https:\/\/chateaudorelestours.fr\/about-us\/","url":"https:\/\/chateaudorelestours.fr\/about-us\/","name":"About us - Ch\u00e2teau Dor\u00e9 les Tours","isPartOf":{"@id":"https:\/\/chateaudorelestours.fr\/#website"},"primaryImageOfPage":{"@id":"https:\/\/chateaudorelestours.fr\/about-us\/#primaryimage"},"image":{"@id":"https:\/\/chateaudorelestours.fr\/about-us\/#primaryimage"},"thumbnailUrl":"https:\/\/chateaudorelestours.fr\/wp-content\/uploads\/2026\/01\/DSC_0930-scaled.jpg","datePublished":"2025-11-11T09:27:47+00:00","dateModified":"2026-01-15T17:30:28+00:00","breadcrumb":{"@id":"https:\/\/chateaudorelestours.fr\/about-us\/#breadcrumb"},"inLanguage":"en-GB","potentialAction":[{"@type":"ReadAction","target":["https:\/\/chateaudorelestours.fr\/about-us\/"]}]},{"@type":"ImageObject","inLanguage":"en-GB","@id":"https:\/\/chateaudorelestours.fr\/about-us\/#primaryimage","url":"https:\/\/chateaudorelestours.fr\/wp-content\/uploads\/2026\/01\/DSC_0930-scaled.jpg","contentUrl":"https:\/\/chateaudorelestours.fr\/wp-content\/uploads\/2026\/01\/DSC_0930-scaled.jpg"},{"@type":"BreadcrumbList","@id":"https:\/\/chateaudorelestours.fr\/about-us\/#breadcrumb","itemListElement":[{"@type":"ListItem","position":1,"name":"Home","item":"https:\/\/chateaudorelestours.fr\/"},{"@type":"ListItem","position":2,"name":"About us"}]},{"@type":"WebSite","@id":"https:\/\/chateaudorelestours.fr\/#website","url":"https:\/\/chateaudorelestours.fr\/","name":"Ch\u00e2teau Dor\u00e9 les Tours","description":"","publisher":{"@id":"https:\/\/chateaudorelestours.fr\/#organization"},"potentialAction":[{"@type":"SearchAction","target":{"@type":"EntryPoint","urlTemplate":"https:\/\/chateaudorelestours.fr\/?s={search_term_string}"},"query-input":{"@type":"PropertyValueSpecification","valueRequired":true,"valueName":"search_term_string"}}],"inLanguage":"en-GB"},{"@type":"Organization","@id":"https:\/\/chateaudorelestours.fr\/#organization","name":"Ch\u00e2teau Dor\u00e9 les Tours","url":"https:\/\/chateaudorelestours.fr\/","logo":{"@type":"ImageObject","inLanguage":"en-GB","@id":"https:\/\/chateaudorelestours.fr\/#\/schema\/logo\/image\/","url":"https:\/\/chateaudorelestours.fr\/wp-content\/uploads\/2024\/03\/cropped-20210319_145724-scaled-1.jpg","contentUrl":"https:\/\/chateaudorelestours.fr\/wp-content\/uploads\/2024\/03\/cropped-20210319_145724-scaled-1.jpg","width":2000,"height":1198,"caption":"Ch\u00e2teau Dor\u00e9 les Tours"},"image":{"@id":"https:\/\/chateaudorelestours.fr\/#\/schema\/logo\/image\/"},"sameAs":["https:\/\/www.instagram.com\/chateaudorelestours\/"]}]}},"_links":{"self":[{"href":"https:\/\/chateaudorelestours.fr\/en\/wp-json\/wp\/v2\/pages\/607","targetHints":{"allow":["GET"]}}],"collection":[{"href":"https:\/\/chateaudorelestours.fr\/en\/wp-json\/wp\/v2\/pages"}],"about":[{"href":"https:\/\/chateaudorelestours.fr\/en\/wp-json\/wp\/v2\/types\/page"}],"author":[{"embeddable":true,"href":"https:\/\/chateaudorelestours.fr\/en\/wp-json\/wp\/v2\/users\/1"}],"replies":[{"embeddable":true,"href":"https:\/\/chateaudorelestours.fr\/en\/wp-json\/wp\/v2\/comments?post=607"}],"version-history":[{"count":15,"href":"https:\/\/chateaudorelestours.fr\/en\/wp-json\/wp\/v2\/pages\/607\/revisions"}],"predecessor-version":[{"id":1023,"href":"https:\/\/chateaudorelestours.fr\/en\/wp-json\/wp\/v2\/pages\/607\/revisions\/1023"}],"wp:attachment":[{"href":"https:\/\/chateaudorelestours.fr\/en\/wp-json\/wp\/v2\/media?parent=607"}],"curies":[{"name":"wp","href":"https:\/\/api.w.org\/{rel}","templated":true}]}}