{"id":607,"date":"2025-11-11T10:27:47","date_gmt":"2025-11-11T09:27:47","guid":{"rendered":"https:\/\/chateaudorelestours.fr\/?page_id=607"},"modified":"2026-01-15T18:30:28","modified_gmt":"2026-01-15T17:30:28","slug":"about-us","status":"publish","type":"page","link":"https:\/\/chateaudorelestours.fr\/fr\/about-us\/","title":{"rendered":"\u00c0 propos de nous"},"content":{"rendered":"<figure class=\"wp-block-image size-full\"><img loading=\"lazy\" decoding=\"async\" width=\"2560\" height=\"1696\" src=\"https:\/\/chateaudorelestours.fr\/wp-content\/uploads\/2026\/01\/DSC_0930-scaled.jpg\" alt=\"\" class=\"wp-image-1014\" srcset=\"https:\/\/chateaudorelestours.fr\/wp-content\/uploads\/2026\/01\/DSC_0930-scaled.jpg 2560w, https:\/\/chateaudorelestours.fr\/wp-content\/uploads\/2026\/01\/DSC_0930-300x199.jpg 300w, https:\/\/chateaudorelestours.fr\/wp-content\/uploads\/2026\/01\/DSC_0930-1024x678.jpg 1024w, https:\/\/chateaudorelestours.fr\/wp-content\/uploads\/2026\/01\/DSC_0930-2000x1325.jpg 2000w, https:\/\/chateaudorelestours.fr\/wp-content\/uploads\/2026\/01\/DSC_0930-scaled-18x12.jpg 18w\" sizes=\"auto, (max-width: 2560px) 100vw, 2560px\" \/><\/figure>\n\n\n\n<div class=\"wp-block-media-text is-stacked-on-mobile\" style=\"grid-template-columns:29% auto\"><figure class=\"wp-block-media-text__media\"><img loading=\"lazy\" decoding=\"async\" width=\"679\" height=\"1020\" src=\"https:\/\/chateaudorelestours.fr\/wp-content\/uploads\/2026\/01\/18b737a7-e5fc-4f20-9add-ff299f7909c3.jpg\" alt=\"\" class=\"wp-image-1018 size-full\" srcset=\"https:\/\/chateaudorelestours.fr\/wp-content\/uploads\/2026\/01\/18b737a7-e5fc-4f20-9add-ff299f7909c3.jpg 679w, https:\/\/chateaudorelestours.fr\/wp-content\/uploads\/2026\/01\/18b737a7-e5fc-4f20-9add-ff299f7909c3-200x300.jpg 200w, https:\/\/chateaudorelestours.fr\/wp-content\/uploads\/2026\/01\/18b737a7-e5fc-4f20-9add-ff299f7909c3-8x12.jpg 8w\" sizes=\"auto, (max-width: 679px) 100vw, 679px\" \/><\/figure><div class=\"wp-block-media-text__content\">\n<p>Au Ch\u00e2teau Dor\u00e9 les Tours, nous accueillons chaque h\u00f4te comme un ami. Apr\u00e8s tout, le ch\u00e2teau est notre maison familiale. Nous y vivons avec nos deux chats, Vos (Loup) et Wolf (Renard).<\/p>\n\n\n\n<p>En 2021, nous avons vendu notre maison \u00e0 Rotterdam, aux Pays-Bas, pour changer compl\u00e8tement de vie et nous installer dans la campagne fran\u00e7aise afin de restaurer notre magnifique Ch\u00e2teau Dor\u00e9 les Tours.<\/p>\n\n\n\n<p><\/p>\n\n\n\n<p>Depuis septembre 2021, nous avons r\u00e9nov\u00e9 et restaur\u00e9 deux g\u00eetes en maisons de vacances spacieuses et ind\u00e9pendantes, am\u00e9nag\u00e9s dans les anciennes \u00e9curies et dans notre r\u00e9sidence priv\u00e9e au rez-de-chauss\u00e9e du ch\u00e2teau.<\/p>\n\n\n\n<p>Nous avons r\u00e9alis\u00e9 la plupart des travaux de r\u00e9novation nous-m\u00eames, avec l'aide pr\u00e9cieuse de nos proches, que nous avons particuli\u00e8rement appr\u00e9ci\u00e9e.<\/p>\n\n\n\n<p>Nous avons ouvert les g\u00eetes en 2024 apr\u00e8s d'importants travaux de r\u00e9novation.<\/p>\n\n\n\n<p>Notre s\u00e9jour au ch\u00e2teau nous a ouvert de nombreuses portes et nous a offert des aventures incroyables. Par exemple, toutes les amiti\u00e9s que nous avons nou\u00e9es, les visites guid\u00e9es, la visibilit\u00e9 et le soutien de la communaut\u00e9 locale. Nous avons m\u00eame \u00e9t\u00e9 rep\u00e9r\u00e9s par une cha\u00eene priv\u00e9e n\u00e9erlandaise pour une nouvelle s\u00e9rie qui suit des N\u00e9erlandais ayant achet\u00e9 une magnifique maison en France et l'ayant enti\u00e8rement r\u00e9nov\u00e9e eux-m\u00eames. La diffusion a d\u00e9but\u00e9 le 12 novembre 2025 et la s\u00e9rie s'intitule \u00ab\u00a0Kasteel gekocht: wat nu?\u00bb (Kasteel gekocht: wat nu?) sur RTL4. Le tournage a \u00e9t\u00e9 une v\u00e9ritable aventure\u00a0: l'\u00e9quipe nous a suivis pendant un an, entre r\u00e9novations et festivit\u00e9s.<\/p>\n\n\n\n<p>Nous avons de nombreux projets en cours au Ch\u00e2teau Dor\u00e9 les Tours, que nous consid\u00e9rons d\u00e9sormais comme notre chez-nous. Si vous souhaitez en savoir plus sur nous et sur l'avancement des travaux, vous pouvez suivre les r\u00e9novations sur notre page Instagram. Bien s\u00fbr, vous pouvez aussi venir d\u00e9couvrir le ch\u00e2teau en personne en r\u00e9servant un s\u00e9jour chez nous. Nous serons ravis de vous accueillir et de vous faire sentir comme chez vous\u00a0!<\/p>\n<\/div><\/div>\n\n\n\n<p><\/p>","protected":false},"excerpt":{"rendered":"<p>We welcome every guest to Ch\u00e2teau Dor\u00e9 les Tours as a friend. After all, the ch\u00e2teau is our family home. We live here with our two cats, Vos (Loup) and Wolf (Renard). In 2021, we sold our house in Rotterdam, Netherlands, to completely change our lives and move to the French countryside to restore our &hellip; <\/p>\n<p class=\"link-more\"><a href=\"https:\/\/chateaudorelestours.fr\/fr\/about-us\/\" class=\"more-link\">Lire la suite de<span class=\"screen-reader-text\">\u00ab\u00a0About us\u00a0\u00bb<\/span><\/a><\/p>","protected":false},"author":1,"featured_media":0,"parent":0,"menu_order":0,"comment_status":"closed","ping_status":"closed","template":"","meta":{"inspiro_hide_title":false,"footnotes":""},"class_list":["post-607","page","type-page","status-publish","hentry"],"yoast_head":"<!-- This site is optimized with the Yoast SEO plugin v27.4 - https:\/\/yoast.com\/product\/yoast-seo-wordpress\/ -->\n<title>About us - Ch\u00e2teau Dor\u00e9 les Tours<\/title>\n<meta name=\"robots\" content=\"index, follow, max-snippet:-1, max-image-preview:large, max-video-preview:-1\" \/>\n<link rel=\"canonical\" href=\"https:\/\/chateaudorelestours.fr\/fr\/about-us\/\" \/>\n<meta property=\"og:locale\" content=\"fr_FR\" \/>\n<meta property=\"og:type\" content=\"article\" \/>\n<meta property=\"og:title\" content=\"About us - Ch\u00e2teau Dor\u00e9 les Tours\" \/>\n<meta property=\"og:description\" content=\"We welcome every guest to Ch\u00e2teau Dor\u00e9 les Tours as a friend. After all, the ch\u00e2teau is our family home. We live here with our two cats, Vos (Loup) and Wolf (Renard). In 2021, we sold our house in Rotterdam, Netherlands, to completely change our lives and move to the French countryside to restore our &hellip; Lire la suite de\u00ab\u00a0About us\u00a0\u00bb\" \/>\n<meta property=\"og:url\" content=\"https:\/\/chateaudorelestours.fr\/fr\/about-us\/\" \/>\n<meta property=\"og:site_name\" content=\"Ch\u00e2teau Dor\u00e9 les Tours\" \/>\n<meta property=\"article:modified_time\" content=\"2026-01-15T17:30:28+00:00\" \/>\n<meta property=\"og:image\" content=\"https:\/\/chateaudorelestours.fr\/wp-content\/uploads\/2026\/01\/DSC_0930-scaled.jpg\" \/>\n\t<meta property=\"og:image:width\" content=\"2560\" \/>\n\t<meta property=\"og:image:height\" content=\"1696\" \/>\n\t<meta property=\"og:image:type\" content=\"image\/jpeg\" \/>\n<meta name=\"twitter:card\" content=\"summary_large_image\" \/>\n<meta name=\"twitter:label1\" content=\"Dur\u00e9e de lecture estim\u00e9e\" \/>\n\t<meta name=\"twitter:data1\" content=\"2 minutes\" \/>\n<script type=\"application\/ld+json\" class=\"yoast-schema-graph\">{\"@context\":\"https:\\\/\\\/schema.org\",\"@graph\":[{\"@type\":\"WebPage\",\"@id\":\"https:\\\/\\\/chateaudorelestours.fr\\\/about-us\\\/\",\"url\":\"https:\\\/\\\/chateaudorelestours.fr\\\/about-us\\\/\",\"name\":\"About us - Ch\u00e2teau Dor\u00e9 les Tours\",\"isPartOf\":{\"@id\":\"https:\\\/\\\/chateaudorelestours.fr\\\/#website\"},\"primaryImageOfPage\":{\"@id\":\"https:\\\/\\\/chateaudorelestours.fr\\\/about-us\\\/#primaryimage\"},\"image\":{\"@id\":\"https:\\\/\\\/chateaudorelestours.fr\\\/about-us\\\/#primaryimage\"},\"thumbnailUrl\":\"https:\\\/\\\/chateaudorelestours.fr\\\/wp-content\\\/uploads\\\/2026\\\/01\\\/DSC_0930-scaled.jpg\",\"datePublished\":\"2025-11-11T09:27:47+00:00\",\"dateModified\":\"2026-01-15T17:30:28+00:00\",\"breadcrumb\":{\"@id\":\"https:\\\/\\\/chateaudorelestours.fr\\\/about-us\\\/#breadcrumb\"},\"inLanguage\":\"fr-FR\",\"potentialAction\":[{\"@type\":\"ReadAction\",\"target\":[\"https:\\\/\\\/chateaudorelestours.fr\\\/about-us\\\/\"]}]},{\"@type\":\"ImageObject\",\"inLanguage\":\"fr-FR\",\"@id\":\"https:\\\/\\\/chateaudorelestours.fr\\\/about-us\\\/#primaryimage\",\"url\":\"https:\\\/\\\/chateaudorelestours.fr\\\/wp-content\\\/uploads\\\/2026\\\/01\\\/DSC_0930-scaled.jpg\",\"contentUrl\":\"https:\\\/\\\/chateaudorelestours.fr\\\/wp-content\\\/uploads\\\/2026\\\/01\\\/DSC_0930-scaled.jpg\"},{\"@type\":\"BreadcrumbList\",\"@id\":\"https:\\\/\\\/chateaudorelestours.fr\\\/about-us\\\/#breadcrumb\",\"itemListElement\":[{\"@type\":\"ListItem\",\"position\":1,\"name\":\"Home\",\"item\":\"https:\\\/\\\/chateaudorelestours.fr\\\/\"},{\"@type\":\"ListItem\",\"position\":2,\"name\":\"About us\"}]},{\"@type\":\"WebSite\",\"@id\":\"https:\\\/\\\/chateaudorelestours.fr\\\/#website\",\"url\":\"https:\\\/\\\/chateaudorelestours.fr\\\/\",\"name\":\"Ch\u00e2teau Dor\u00e9 les Tours\",\"description\":\"\",\"publisher\":{\"@id\":\"https:\\\/\\\/chateaudorelestours.fr\\\/#organization\"},\"potentialAction\":[{\"@type\":\"SearchAction\",\"target\":{\"@type\":\"EntryPoint\",\"urlTemplate\":\"https:\\\/\\\/chateaudorelestours.fr\\\/?s={search_term_string}\"},\"query-input\":{\"@type\":\"PropertyValueSpecification\",\"valueRequired\":true,\"valueName\":\"search_term_string\"}}],\"inLanguage\":\"fr-FR\"},{\"@type\":\"Organization\",\"@id\":\"https:\\\/\\\/chateaudorelestours.fr\\\/#organization\",\"name\":\"Ch\u00e2teau Dor\u00e9 les Tours\",\"url\":\"https:\\\/\\\/chateaudorelestours.fr\\\/\",\"logo\":{\"@type\":\"ImageObject\",\"inLanguage\":\"fr-FR\",\"@id\":\"https:\\\/\\\/chateaudorelestours.fr\\\/#\\\/schema\\\/logo\\\/image\\\/\",\"url\":\"https:\\\/\\\/chateaudorelestours.fr\\\/wp-content\\\/uploads\\\/2024\\\/03\\\/cropped-20210319_145724-scaled-1.jpg\",\"contentUrl\":\"https:\\\/\\\/chateaudorelestours.fr\\\/wp-content\\\/uploads\\\/2024\\\/03\\\/cropped-20210319_145724-scaled-1.jpg\",\"width\":2000,\"height\":1198,\"caption\":\"Ch\u00e2teau Dor\u00e9 les Tours\"},\"image\":{\"@id\":\"https:\\\/\\\/chateaudorelestours.fr\\\/#\\\/schema\\\/logo\\\/image\\\/\"},\"sameAs\":[\"https:\\\/\\\/www.instagram.com\\\/chateaudorelestours\\\/\"]}]}<\/script>\n<!-- \/ Yoast SEO plugin. -->","yoast_head_json":{"title":"About us - Ch\u00e2teau Dor\u00e9 les Tours","robots":{"index":"index","follow":"follow","max-snippet":"max-snippet:-1","max-image-preview":"max-image-preview:large","max-video-preview":"max-video-preview:-1"},"canonical":"https:\/\/chateaudorelestours.fr\/fr\/about-us\/","og_locale":"fr_FR","og_type":"article","og_title":"About us - Ch\u00e2teau Dor\u00e9 les Tours","og_description":"We welcome every guest to Ch\u00e2teau Dor\u00e9 les Tours as a friend. After all, the ch\u00e2teau is our family home. We live here with our two cats, Vos (Loup) and Wolf (Renard). In 2021, we sold our house in Rotterdam, Netherlands, to completely change our lives and move to the French countryside to restore our &hellip; Lire la suite de\u00ab\u00a0About us\u00a0\u00bb","og_url":"https:\/\/chateaudorelestours.fr\/fr\/about-us\/","og_site_name":"Ch\u00e2teau Dor\u00e9 les Tours","article_modified_time":"2026-01-15T17:30:28+00:00","og_image":[{"width":2560,"height":1696,"url":"https:\/\/chateaudorelestours.fr\/wp-content\/uploads\/2026\/01\/DSC_0930-scaled.jpg","type":"image\/jpeg"}],"twitter_card":"summary_large_image","twitter_misc":{"Dur\u00e9e de lecture estim\u00e9e":"2 minutes"},"schema":{"@context":"https:\/\/schema.org","@graph":[{"@type":"WebPage","@id":"https:\/\/chateaudorelestours.fr\/about-us\/","url":"https:\/\/chateaudorelestours.fr\/about-us\/","name":"About us - Ch\u00e2teau Dor\u00e9 les Tours","isPartOf":{"@id":"https:\/\/chateaudorelestours.fr\/#website"},"primaryImageOfPage":{"@id":"https:\/\/chateaudorelestours.fr\/about-us\/#primaryimage"},"image":{"@id":"https:\/\/chateaudorelestours.fr\/about-us\/#primaryimage"},"thumbnailUrl":"https:\/\/chateaudorelestours.fr\/wp-content\/uploads\/2026\/01\/DSC_0930-scaled.jpg","datePublished":"2025-11-11T09:27:47+00:00","dateModified":"2026-01-15T17:30:28+00:00","breadcrumb":{"@id":"https:\/\/chateaudorelestours.fr\/about-us\/#breadcrumb"},"inLanguage":"fr-FR","potentialAction":[{"@type":"ReadAction","target":["https:\/\/chateaudorelestours.fr\/about-us\/"]}]},{"@type":"ImageObject","inLanguage":"fr-FR","@id":"https:\/\/chateaudorelestours.fr\/about-us\/#primaryimage","url":"https:\/\/chateaudorelestours.fr\/wp-content\/uploads\/2026\/01\/DSC_0930-scaled.jpg","contentUrl":"https:\/\/chateaudorelestours.fr\/wp-content\/uploads\/2026\/01\/DSC_0930-scaled.jpg"},{"@type":"BreadcrumbList","@id":"https:\/\/chateaudorelestours.fr\/about-us\/#breadcrumb","itemListElement":[{"@type":"ListItem","position":1,"name":"Home","item":"https:\/\/chateaudorelestours.fr\/"},{"@type":"ListItem","position":2,"name":"About us"}]},{"@type":"WebSite","@id":"https:\/\/chateaudorelestours.fr\/#website","url":"https:\/\/chateaudorelestours.fr\/","name":"Ch\u00e2teau Dor\u00e9 les Tours","description":"","publisher":{"@id":"https:\/\/chateaudorelestours.fr\/#organization"},"potentialAction":[{"@type":"SearchAction","target":{"@type":"EntryPoint","urlTemplate":"https:\/\/chateaudorelestours.fr\/?s={search_term_string}"},"query-input":{"@type":"PropertyValueSpecification","valueRequired":true,"valueName":"search_term_string"}}],"inLanguage":"fr-FR"},{"@type":"Organization","@id":"https:\/\/chateaudorelestours.fr\/#organization","name":"Ch\u00e2teau Dor\u00e9 les Tours","url":"https:\/\/chateaudorelestours.fr\/","logo":{"@type":"ImageObject","inLanguage":"fr-FR","@id":"https:\/\/chateaudorelestours.fr\/#\/schema\/logo\/image\/","url":"https:\/\/chateaudorelestours.fr\/wp-content\/uploads\/2024\/03\/cropped-20210319_145724-scaled-1.jpg","contentUrl":"https:\/\/chateaudorelestours.fr\/wp-content\/uploads\/2024\/03\/cropped-20210319_145724-scaled-1.jpg","width":2000,"height":1198,"caption":"Ch\u00e2teau Dor\u00e9 les Tours"},"image":{"@id":"https:\/\/chateaudorelestours.fr\/#\/schema\/logo\/image\/"},"sameAs":["https:\/\/www.instagram.com\/chateaudorelestours\/"]}]}},"_links":{"self":[{"href":"https:\/\/chateaudorelestours.fr\/fr\/wp-json\/wp\/v2\/pages\/607","targetHints":{"allow":["GET"]}}],"collection":[{"href":"https:\/\/chateaudorelestours.fr\/fr\/wp-json\/wp\/v2\/pages"}],"about":[{"href":"https:\/\/chateaudorelestours.fr\/fr\/wp-json\/wp\/v2\/types\/page"}],"author":[{"embeddable":true,"href":"https:\/\/chateaudorelestours.fr\/fr\/wp-json\/wp\/v2\/users\/1"}],"replies":[{"embeddable":true,"href":"https:\/\/chateaudorelestours.fr\/fr\/wp-json\/wp\/v2\/comments?post=607"}],"version-history":[{"count":15,"href":"https:\/\/chateaudorelestours.fr\/fr\/wp-json\/wp\/v2\/pages\/607\/revisions"}],"predecessor-version":[{"id":1023,"href":"https:\/\/chateaudorelestours.fr\/fr\/wp-json\/wp\/v2\/pages\/607\/revisions\/1023"}],"wp:attachment":[{"href":"https:\/\/chateaudorelestours.fr\/fr\/wp-json\/wp\/v2\/media?parent=607"}],"curies":[{"name":"wp","href":"https:\/\/api.w.org\/{rel}","templated":true}]}}